

{"id":5399,"date":"2024-11-08T18:00:00","date_gmt":"2024-11-08T21:00:00","guid":{"rendered":"http:\/\/hortigran.com.br\/?product=pe-suino-salgado-excelencia"},"modified":"2024-11-08T18:00:00","modified_gmt":"2024-11-08T21:00:00","slug":"pe-suino-salgado-excelencia","status":"publish","type":"product","link":"https:\/\/hortigran.com.br\/?product=pe-suino-salgado-excelencia","title":{"rendered":"P\u00c9 SU\u00cdNO SALGADO EXCEL\u00caNCIA"},"content":{"rendered":"<p>EMBALAGEM: KG | UNIDADE: KG | EMB MASTER: 13KG | UND MASTER: CX<\/p>\n","protected":false},"excerpt":{"rendered":"<p>7341<\/p>\n","protected":false},"featured_media":4821,"comment_status":"open","ping_status":"closed","template":"","meta":{"_acf_changed":false,"_joinchat":[]},"product_cat":[31],"product_tag":[131],"exclude_global_add_ons":[],"addons":[],"acf":[],"_links":{"self":[{"href":"https:\/\/hortigran.com.br\/index.php?rest_route=\/wp\/v2\/product\/5399"}],"collection":[{"href":"https:\/\/hortigran.com.br\/index.php?rest_route=\/wp\/v2\/product"}],"about":[{"href":"https:\/\/hortigran.com.br\/index.php?rest_route=\/wp\/v2\/types\/product"}],"replies":[{"embeddable":true,"href":"https:\/\/hortigran.com.br\/index.php?rest_route=%2Fwp%2Fv2%2Fcomments&post=5399"}],"wp:featuredmedia":[{"embeddable":true,"href":"https:\/\/hortigran.com.br\/index.php?rest_route=\/wp\/v2\/media\/4821"}],"wp:attachment":[{"href":"https:\/\/hortigran.com.br\/index.php?rest_route=%2Fwp%2Fv2%2Fmedia&parent=5399"}],"wp:term":[{"taxonomy":"product_cat","embeddable":true,"href":"https:\/\/hortigran.com.br\/index.php?rest_route=%2Fwp%2Fv2%2Fproduct_cat&post=5399"},{"taxonomy":"product_tag","embeddable":true,"href":"https:\/\/hortigran.com.br\/index.php?rest_route=%2Fwp%2Fv2%2Fproduct_tag&post=5399"}],"curies":[{"name":"wp","href":"https:\/\/api.w.org\/{rel}","templated":true}]}}