

{"id":5936,"date":"2025-01-09T11:28:51","date_gmt":"2025-01-09T14:28:51","guid":{"rendered":"https:\/\/hortigran.com.br\/?page_id=5936"},"modified":"2025-01-09T11:30:56","modified_gmt":"2025-01-09T14:30:56","slug":"politica-de-privacidade-2","status":"publish","type":"page","link":"https:\/\/hortigran.com.br\/?page_id=5936","title":{"rendered":"Pol\u00edtica de Privacidade"},"content":{"rendered":"\t\t<div data-elementor-type=\"wp-page\" data-elementor-id=\"5936\" class=\"elementor elementor-5936\" data-elementor-post-type=\"page\">\n\t\t\t\t<div class=\"elementor-element elementor-element-ea578bd e-flex e-con-boxed e-con e-parent\" data-id=\"ea578bd\" data-element_type=\"container\">\n\t\t\t\t\t<div class=\"e-con-inner\">\n\t\t\t\t<div class=\"elementor-element elementor-element-ffe2cf0 elementor-widget elementor-widget-heading\" data-id=\"ffe2cf0\" data-element_type=\"widget\" data-widget_type=\"heading.default\">\n\t\t\t\t<div class=\"elementor-widget-container\">\n\t\t\t<h2 class=\"elementor-heading-title elementor-size-default\">Pol\u00edtica de Privacidade\n<\/h2>\t\t<\/div>\n\t\t\t\t<\/div>\n\t\t\t\t<div class=\"elementor-element elementor-element-91cb4f7 elementor-widget__width-initial elementor-widget elementor-widget-text-editor\" data-id=\"91cb4f7\" data-element_type=\"widget\" data-widget_type=\"text-editor.default\">\n\t\t\t\t<div class=\"elementor-widget-container\">\n\t\t\t\t\t\t\t<div class=\"elementor-element elementor-element-9e337fb elementor-widget elementor-widget-heading\" data-id=\"9e337fb\" data-element_type=\"widget\" data-widget_type=\"heading.default\"><div class=\"elementor-widget-container\"><div class=\"elementor-element elementor-element-9e337fb elementor-widget elementor-widget-heading\" data-id=\"9e337fb\" data-element_type=\"widget\" data-widget_type=\"heading.default\"><div class=\"elementor-widget-container\"><p>A sua privacidade \u00e9 importante para n\u00f3s. \u00c9 pol\u00edtica da Hortigran Distribuidora respeitar a sua privacidade em rela\u00e7\u00e3o a qualquer informa\u00e7\u00e3o que possamos coletar enquanto operamos o nosso website. Esta Pol\u00edtica de Privacidade aplica-se a <a href=\"https:\/\/hortigran.com.br\/\">https:\/\/hortigran.com.br\/<\/a>. Estamos comprometidos em proteger as informa\u00e7\u00f5es pessoalmente identific\u00e1veis que voc\u00ea possa fornecer atrav\u00e9s do Site.<\/p><p>Adotamos esta pol\u00edtica de privacidade (\u201cPol\u00edtica de Privacidade\u201d) para explicar que tipo de informa\u00e7\u00f5es coletamos e como as usamos. Esta Pol\u00edtica de Privacidade aplica-se apenas \u00e0s informa\u00e7\u00f5es que coletamos atrav\u00e9s do Site e n\u00e3o se aplica \u00e0s nossas pr\u00e1ticas de coleta de informa\u00e7\u00f5es de outras fontes.<\/p><p><strong>Informa\u00e7\u00f5es Pessoais:<\/strong>\u00a0Podemos coletar informa\u00e7\u00f5es pessoais, como nome, endere\u00e7o de e-mail, n\u00famero de telefone, etc., quando voc\u00ea as fornece voluntariamente, por exemplo, ao se registrar ou fazer uma cota\u00e7\u00e3o em nosso site.<\/p><p><strong>Informa\u00e7\u00f5es N\u00e3o-Pessoais:<\/strong>\u00a0Quando voc\u00ea acessa o site, podemos coletar informa\u00e7\u00f5es n\u00e3o-pessoais, como seu endere\u00e7o IP, tipo de navegador, refer\u00eancia, hora de acesso, etc. Usamos essas informa\u00e7\u00f5es para analisar tend\u00eancias e administrar o site.<\/p><p><strong>Cookies:<\/strong> Usamos cookies para coletar informa\u00e7\u00f5es sobre voc\u00ea, facilitar a sua navega\u00e7\u00e3o em nosso site, fornecer funcionalidades personalizadas e melhorar a nossa plataforma.<\/p><p><strong>As informa\u00e7\u00f5es coletadas s\u00e3o utilizadas para:<\/strong><\/p><ul><li>Processar seus pedidos<\/li><li>Enviar comunica\u00e7\u00f5es sobre produtos e servi\u00e7os<\/li><li>Melhorar nossos servi\u00e7os e personalizar sua experi\u00eancia<\/li><li>Cumprir obriga\u00e7\u00f5es legais<\/li><\/ul><p>\u00a0<\/p><p><strong>Compartilhamento de Informa\u00e7\u00f5es<\/strong><br \/>N\u00e3o compartilhamos suas informa\u00e7\u00f5es pessoais com terceiros, exceto quando necess\u00e1rio para cumprir a lei, proteger nossos direitos ou em casos de fus\u00e3o ou aquisi\u00e7\u00e3o.<\/p><p><strong>Seguran\u00e7a das Informa\u00e7\u00f5es<\/strong><br \/>Adotamos medidas de seguran\u00e7a adequadas para proteger suas informa\u00e7\u00f5es pessoais contra acesso n\u00e3o autorizado, divulga\u00e7\u00e3o ou destrui\u00e7\u00e3o.<\/p><p><strong>Altera\u00e7\u00f5es nesta Pol\u00edtica<\/strong><br \/>Podemos atualizar nossa Pol\u00edtica de Privacidade de tempos em tempos. Recomendamos que voc\u00ea reveja esta p\u00e1gina regularmente para quaisquer altera\u00e7\u00f5es.<\/p><p><strong>Voc\u00ea tem o direito de:<\/strong><\/p><ul><li>Acessar suas informa\u00e7\u00f5es pessoais<\/li><li>Solicitar a corre\u00e7\u00e3o de informa\u00e7\u00f5es incorretas<\/li><li>Solicitar a exclus\u00e3o de suas informa\u00e7\u00f5es pessoais<\/li><li>Retirar seu consentimento a qualquer momento<\/li><\/ul><p><strong>Contato<\/strong><br \/>Se voc\u00ea tiver d\u00favidas sobre esta Pol\u00edtica de Privacidade ou sobre como tratamos suas informa\u00e7\u00f5es, entre em contato conosco:<br \/>E-mail:\u00a0julio@hortigran.com.br<br \/>Telefone: +55 69 3219-8300<\/p><p>\u00a0<\/p><p><strong>Aceita\u00e7\u00e3o<\/strong><br \/>Ao usar nosso site e servi\u00e7os, voc\u00ea concorda com esta Pol\u00edtica de Privacidade<\/p><\/div><\/div><\/div><\/div>\t\t\t\t\t\t<\/div>\n\t\t\t\t<\/div>\n\t\t\t\t\t<\/div>\n\t\t\t\t<\/div>\n\t\t\t\t<\/div>\n\t\t","protected":false},"excerpt":{"rendered":"<p>Pol\u00edtica de Privacidade A sua privacidade \u00e9 importante para n\u00f3s. \u00c9 pol\u00edtica da Hortigran Distribuidora respeitar a sua privacidade em rela\u00e7\u00e3o a qualquer informa\u00e7\u00e3o que possamos coletar enquanto operamos o nosso website. Esta Pol\u00edtica de Privacidade aplica-se a https:\/\/hortigran.com.br\/. Estamos comprometidos em proteger as informa\u00e7\u00f5es pessoalmente identific\u00e1veis que voc\u00ea possa fornecer atrav\u00e9s do Site. Adotamos [&hellip;]<\/p>\n","protected":false},"author":1,"featured_media":0,"parent":0,"menu_order":0,"comment_status":"closed","ping_status":"closed","template":"elementor_theme","meta":{"_acf_changed":false,"_joinchat":[],"footnotes":""},"acf":[],"_links":{"self":[{"href":"https:\/\/hortigran.com.br\/index.php?rest_route=\/wp\/v2\/pages\/5936"}],"collection":[{"href":"https:\/\/hortigran.com.br\/index.php?rest_route=\/wp\/v2\/pages"}],"about":[{"href":"https:\/\/hortigran.com.br\/index.php?rest_route=\/wp\/v2\/types\/page"}],"author":[{"embeddable":true,"href":"https:\/\/hortigran.com.br\/index.php?rest_route=\/wp\/v2\/users\/1"}],"replies":[{"embeddable":true,"href":"https:\/\/hortigran.com.br\/index.php?rest_route=%2Fwp%2Fv2%2Fcomments&post=5936"}],"version-history":[{"count":7,"href":"https:\/\/hortigran.com.br\/index.php?rest_route=\/wp\/v2\/pages\/5936\/revisions"}],"predecessor-version":[{"id":5943,"href":"https:\/\/hortigran.com.br\/index.php?rest_route=\/wp\/v2\/pages\/5936\/revisions\/5943"}],"wp:attachment":[{"href":"https:\/\/hortigran.com.br\/index.php?rest_route=%2Fwp%2Fv2%2Fmedia&parent=5936"}],"curies":[{"name":"wp","href":"https:\/\/api.w.org\/{rel}","templated":true}]}}